{"id":1940,"date":"2026-01-29T10:23:03","date_gmt":"2026-01-29T10:23:03","guid":{"rendered":"https:\/\/brillo.studio\/legal-notice\/"},"modified":"2026-02-09T17:03:48","modified_gmt":"2026-02-09T17:03:48","slug":"legal-notice","status":"publish","type":"page","link":"https:\/\/brillo.studio\/en\/legal-notice\/","title":{"rendered":"Legal Notice<br><br>"},"content":{"rendered":"\t\t<div data-elementor-type=\"wp-page\" data-elementor-id=\"1940\" class=\"elementor elementor-1940 elementor-1896\" data-elementor-post-type=\"page\">\n\t\t\t\t<div class=\"elementor-element elementor-element-e1db0a9 e-flex e-con-boxed e-con e-parent\" data-id=\"e1db0a9\" data-element_type=\"container\" data-e-type=\"container\">\n\t\t\t\t\t<div class=\"e-con-inner\">\n\t\t\t\t<div class=\"elementor-element elementor-element-42c25c6 elementor-widget elementor-widget-heading\" data-id=\"42c25c6\" data-element_type=\"widget\" data-e-type=\"widget\" data-widget_type=\"heading.default\">\n\t\t\t\t\t<h2 class=\"elementor-heading-title elementor-size-default\">Legal Notice<br><br><\/h2>\t\t\t\t<\/div>\n\t\t\t\t<div class=\"elementor-element elementor-element-c2e11d6 elementor-widget elementor-widget-text-editor\" data-id=\"c2e11d6\" data-element_type=\"widget\" data-e-type=\"widget\" data-widget_type=\"text-editor.default\">\n\t\t\t\t\t\t\t\t\t<div>In compliance with the duty of information set out in Law 34\/2002, of 11 July, on Information Society Services and Electronic Commerce (LSSI-CE), the following details are provided:<\/div><div><br aria-hidden=\"true\">1. Website Owner Information<\/div><div><br aria-hidden=\"true\">Raz\u00f3n social: BRILLO ESTUDIO S.L.<br aria-hidden=\"true\">NIF: B75843995<br aria-hidden=\"true\">Domicilio social: C\/ Rosari 96, 2-4<br aria-hidden=\"true\">08340 Vilassar de Mar, Barcelona, Espa\u00f1a<br aria-hidden=\"true\">Correo electr\u00f3nico: <a href=\"mailto:hello@brillo.studio\"><span style=\"font-weight: 400;\">hello@brillo.studio<\/span><\/a><br aria-hidden=\"true\">Tel\u00e9fono: <span style=\"font-weight: 400;\">+34 623 93 47 32 <\/span><br aria-hidden=\"true\">Sitio web: brillo.studio<\/div><div><br aria-hidden=\"true\">2. Users<\/div><div><br aria-hidden=\"true\">Access to and\/or use of this website confers the status of user, who accepts these terms of use from the moment of such access and\/or use.<\/div><div><br aria-hidden=\"true\">3. Use of the Website<\/div><div><br aria-hidden=\"true\">The user agrees to make appropriate use of the contents and services offered by the website owner and, by way of example but not limited to, not to use them to:<\/div><div> <\/div><ul><li>Carry out unlawful activities or activities contrary to good faith and public order.<\/li><li>Cause damage to the physical and logical systems of the website owner or third parties.<\/li><li>Introduce or spread computer viruses or any other systems that may cause damage.<\/li><\/ul><div> <\/div><div>4. Intellectual and Industrial Property<\/div><div><br aria-hidden=\"true\">All contents of the website (texts, images, design, source code, logos, etc.) are the property of BRILLO ESTUDIO S.L. or the company holds the necessary rights for their use. Any reproduction, distribution, or modification without the express authorization of the owner is strictly prohibited.<\/div><div><br aria-hidden=\"true\">5. Liability<\/div><div><br aria-hidden=\"true\">The website owner shall not be held liable for any damages or losses arising from the use of the information contained on this website, nor does it guarantee the absence of viruses or other elements that may cause alterations to computer systems.<\/div><div><br aria-hidden=\"true\">6. External Links<\/div><div><br aria-hidden=\"true\">In the event that the website contains links or hyperlinks to other Internet sites, BRILLO ESTUDIO S.L. shall not exercise any control over such sites and content and shall not assume any responsibility for them.<\/div><div><br aria-hidden=\"true\">7. Applicable Law and Jurisdiction<\/div><div><br aria-hidden=\"true\">The relationship between the website owner and the user shall be governed by the applicable laws in force in Spain. For the resolution of any dispute that may arise, the parties submit to the courts and tribunals of the website owner\u2019s registered address.<\/div>\t\t\t\t\t\t\t\t<\/div>\n\t\t\t\t\t<\/div>\n\t\t\t\t<\/div>\n\t\t\t\t<\/div>\n\t\t","protected":false},"excerpt":{"rendered":"<p>Legal Notice In compliance with the duty of information set out in Law 34\/2002, of 11 July, on Information Society Services and Electronic Commerce (LSSI-CE), the following details are provided:1. Website Owner InformationRaz\u00f3n social: BRILLO ESTUDIO S.L.NIF: B75843995Domicilio social: C\/ Rosari 96, 2-408340 Vilassar de Mar, Barcelona, Espa\u00f1aCorreo electr\u00f3nico: hello@brillo.studioTel\u00e9fono: +34 623 93 47 32 [&hellip;]<\/p>\n","protected":false},"author":1,"featured_media":0,"parent":0,"menu_order":0,"comment_status":"closed","ping_status":"closed","template":"","meta":{"footnotes":""},"class_list":["post-1940","page","type-page","status-publish","hentry"],"acf":[],"_links":{"self":[{"href":"https:\/\/brillo.studio\/en\/wp-json\/wp\/v2\/pages\/1940","targetHints":{"allow":["GET"]}}],"collection":[{"href":"https:\/\/brillo.studio\/en\/wp-json\/wp\/v2\/pages"}],"about":[{"href":"https:\/\/brillo.studio\/en\/wp-json\/wp\/v2\/types\/page"}],"author":[{"embeddable":true,"href":"https:\/\/brillo.studio\/en\/wp-json\/wp\/v2\/users\/1"}],"replies":[{"embeddable":true,"href":"https:\/\/brillo.studio\/en\/wp-json\/wp\/v2\/comments?post=1940"}],"version-history":[{"count":2,"href":"https:\/\/brillo.studio\/en\/wp-json\/wp\/v2\/pages\/1940\/revisions"}],"predecessor-version":[{"id":2117,"href":"https:\/\/brillo.studio\/en\/wp-json\/wp\/v2\/pages\/1940\/revisions\/2117"}],"wp:attachment":[{"href":"https:\/\/brillo.studio\/en\/wp-json\/wp\/v2\/media?parent=1940"}],"curies":[{"name":"wp","href":"https:\/\/api.w.org\/{rel}","templated":true}]}}